{"id":24,"date":"2016-10-29T13:05:58","date_gmt":"2016-10-29T13:05:58","guid":{"rendered":"http:\/\/support.mic-comp.de\/?page_id=24"},"modified":"2020-09-03T17:22:22","modified_gmt":"2020-09-03T15:22:22","slug":"unternehmen","status":"publish","type":"page","link":"https:\/\/www.mic-comp.de\/?page_id=24","title":{"rendered":"Unternehmen &#8211; L\u00f6sungen"},"content":{"rendered":"<p><strong>Die Zukunft hei\u00dft Sie Willkommen<\/strong><\/p>\n<p>Gemeinsam mit f\u00fchrenden Herstellern bieten wir Ihnen integrierte Konzepte f\u00fcr Konferenzl\u00f6sungen, IP-Kommunikation, Messaging, mobile Anwendungen und vieles mehr.<\/p>\n<p>Wireless LAN: Unified Wireless Network: z. B. Integration von Diensten mobiler Datenerfassungsger\u00e4te und mobiler Kommunikationsendger\u00e4te Aufbau von sicheren und multiservicef\u00e4higen (Daten, Sprache, Video) drahtlosen Netzwerken Zentrales Management von Access-Points bzw. Wireless-LAN Infrastrukturen<\/p>\n<h5>Unified Communication:<\/h5>\n<p>IP Telefonie und Unified Messaging, Mobile L\u00f6sungen<br \/>\nIntegration von Sprache in U<\/p>\n<p>Unternehmensanwendungen, u. a. a ISDN \/ DSL, KABEL-Anbindungen<\/p>\n<h5>Routing \/ Switching:<\/h5>\n<p>Netzwerkmanagement: \u00dcberwachung, Analyse und Fehlerbehebung auf Basis aktueller Monitoring- und Analysetools LAN\/WAN<br \/>\nConnectivity: Anbindung von Au\u00dfenstellen und Home-Office-Arbeitspl\u00e4tzen an die Zentrale WAN Optimierung: Reduzierung der Antwortzeiten und Erh\u00f6hung der Leitungseffizienz mit modernen Hardwarel\u00f6sungen<br \/>\nWeltweite Anbindung mobiler Mitarbeiter LAN Security: z.B. Authentifizierung auf Basis 802.1x oder Network Admission Control<\/p>\n<h5>au\u00dferdem bieten wir<\/h5>\n<p>Hohe Verf\u00fcgbarkeit und Wirtschaftlichkeit der Netzwerk-Infrastruktur skalierbare L\u00f6sungen f\u00fcr LAN- und Unified-Communication-Infrastrukturen<br \/>\nLeistungsstarke Support Tools<br \/>\nUmfangreiche Erfahrung bei Optimierung und Konsolidierung<br \/>\nReibungslose Logistik f\u00fcr Netzwerk-Infrastrukturprojekte<\/p>\n<h5>Netzwerkbetrieb:<\/h5>\n<p>Management von LAN\/WAN und Unified-Communication-Infrastrukturen inklusive Hardware-Wiederherstellung, Remote Monitoring, -Analyse und -Fehlerbehebung rund um die Uhr.<\/p>\n<h5>Dokumentenarchivierung by: <img loading=\"lazy\" decoding=\"async\" class=\"wp-image-724 alignright\" src=\"https:\/\/www.mic-comp.de\/wp-content\/uploads\/2019\/10\/ecodms-gmbh-300x200.jpg\" alt=\"\" width=\"99\" height=\"66\" srcset=\"https:\/\/www.mic-comp.de\/wp-content\/uploads\/2019\/10\/ecodms-gmbh-300x200.jpg 300w, https:\/\/www.mic-comp.de\/wp-content\/uploads\/2019\/10\/ecodms-gmbh-768x512.jpg 768w, https:\/\/www.mic-comp.de\/wp-content\/uploads\/2019\/10\/ecodms-gmbh.jpg 900w\" sizes=\"auto, (max-width: 99px) 100vw, 99px\" \/><strong><br \/>\n<\/strong><\/h5>\n<p>Wir automatisieren Ihre Dokumentenprozesse mit revolution\u00e4ren Archiv- und Workflowsystemen. Revolution\u00e4re Software und kundenorientierter Support.<br \/>\nScannen, archivieren, verwalten, wiederfinden und automatisieren mit den plattformunabh\u00e4ngigen Softwarel\u00f6sungen der <a href=\"https:\/\/www.ecodms.de\/index.php\/de\/\">ecoDMS GmbH<\/a>.<\/p>\n","protected":false},"excerpt":{"rendered":"<p>Die Zukunft hei\u00dft Sie Willkommen Gemeinsam mit f\u00fchrenden Herstellern bieten wir Ihnen integrierte Konzepte f\u00fcr Konferenzl\u00f6sungen, IP-Kommunikation, Messaging, mobile Anwendungen und vieles mehr. Wireless LAN: Unified Wireless Network: z. B. Integration von Diensten mobiler Datenerfassungsger\u00e4te und mobiler Kommunikationsendger\u00e4te Aufbau von<\/p>\n","protected":false},"author":1,"featured_media":0,"parent":0,"menu_order":2,"comment_status":"closed","ping_status":"closed","template":"","meta":{"footnotes":""},"class_list":["post-24","page","type-page","status-publish","hentry"],"_links":{"self":[{"href":"https:\/\/www.mic-comp.de\/index.php?rest_route=\/wp\/v2\/pages\/24","targetHints":{"allow":["GET"]}}],"collection":[{"href":"https:\/\/www.mic-comp.de\/index.php?rest_route=\/wp\/v2\/pages"}],"about":[{"href":"https:\/\/www.mic-comp.de\/index.php?rest_route=\/wp\/v2\/types\/page"}],"author":[{"embeddable":true,"href":"https:\/\/www.mic-comp.de\/index.php?rest_route=\/wp\/v2\/users\/1"}],"replies":[{"embeddable":true,"href":"https:\/\/www.mic-comp.de\/index.php?rest_route=%2Fwp%2Fv2%2Fcomments&post=24"}],"version-history":[{"count":12,"href":"https:\/\/www.mic-comp.de\/index.php?rest_route=\/wp\/v2\/pages\/24\/revisions"}],"predecessor-version":[{"id":984,"href":"https:\/\/www.mic-comp.de\/index.php?rest_route=\/wp\/v2\/pages\/24\/revisions\/984"}],"wp:attachment":[{"href":"https:\/\/www.mic-comp.de\/index.php?rest_route=%2Fwp%2Fv2%2Fmedia&parent=24"}],"curies":[{"name":"wp","href":"https:\/\/api.w.org\/{rel}","templated":true}]}}