{"id":26,"date":"2016-10-29T13:07:53","date_gmt":"2016-10-29T13:07:53","guid":{"rendered":"http:\/\/support.mic-comp.de\/?page_id=26"},"modified":"2018-05-11T16:07:08","modified_gmt":"2018-05-11T14:07:08","slug":"home","status":"publish","type":"page","link":"https:\/\/www.mic-comp.de\/","title":{"rendered":"Home"},"content":{"rendered":"<p><!-- Start Cookie Plugin --><br \/>\n<script type=\"text\/javascript\">\n  window.cookieconsent_options = {\n  message: 'Diese Website nutzt Cookies, um bestm\u00f6gliche Funktionalit\u00e4t bieten zu k\u00f6nnen.',\n  dismiss: 'Ok, verstanden',\n  learnMore: 'Mehr Infos',\n  link: 'https:\/\/www.mic-comp.de\/?page_id=265',\n  theme: 'dark-top'\n };\n<\/script><br \/>\n<script type=\"text\/javascript\" src=\"\/\/s3.amazonaws.com\/valao-cloud\/cookie-hinweis\/script-v2.js\"><\/script><br \/>\n<!-- Ende Cookie Plugin --><\/p>\n<p>&nbsp;<\/p>\n<blockquote>\n<h2>Herzlich Willkommen<\/h2>\n<p>&nbsp;<\/p>\n<p>Wir freuen uns, Sie auf unseren Seiten begr\u00fc\u00dfen zu d\u00fcrfen!<\/p>\n<p>Als professioneller IT-Dienstleister sind wir seit \u00fcber\u00a025 Jahren f\u00fcr kompetente Betreuung rund um Ihre Computersysteme bekannt. Unser Ziel ist es, Ihnen hochwertige Systeme zur Verf\u00fcgung zu stellen, damit Sie m\u00f6glichst lange etwas davon haben. Unsere Komplettsysteme sind bestens aufeinander abgestimmt und ausgiebig getestet. Als IT-Systemhaus betreuen wir auch gerne Ihre Netzwerk und Telekommunikationstechnik vor Ort. Insbesondere bieten wir Ihnen hohe Detailkompetenz, langj\u00e4hrige IT-Projekterfahrung und die F\u00e4higkeit, individuelle Anforderungen in Ihrem Unternehmen schnell umsetzen zu k\u00f6nnen<\/p><\/blockquote>\n","protected":false},"excerpt":{"rendered":"<p>&nbsp; Herzlich Willkommen &nbsp; Wir freuen uns, Sie auf unseren Seiten begr\u00fc\u00dfen zu d\u00fcrfen! Als professioneller IT-Dienstleister sind wir seit \u00fcber\u00a025 Jahren f\u00fcr kompetente Betreuung rund um Ihre Computersysteme bekannt. Unser Ziel ist es, Ihnen hochwertige Systeme zur Verf\u00fcgung zu<\/p>\n","protected":false},"author":1,"featured_media":0,"parent":0,"menu_order":1,"comment_status":"closed","ping_status":"closed","template":"","meta":{"footnotes":""},"class_list":["post-26","page","type-page","status-publish","hentry"],"_links":{"self":[{"href":"https:\/\/www.mic-comp.de\/index.php?rest_route=\/wp\/v2\/pages\/26","targetHints":{"allow":["GET"]}}],"collection":[{"href":"https:\/\/www.mic-comp.de\/index.php?rest_route=\/wp\/v2\/pages"}],"about":[{"href":"https:\/\/www.mic-comp.de\/index.php?rest_route=\/wp\/v2\/types\/page"}],"author":[{"embeddable":true,"href":"https:\/\/www.mic-comp.de\/index.php?rest_route=\/wp\/v2\/users\/1"}],"replies":[{"embeddable":true,"href":"https:\/\/www.mic-comp.de\/index.php?rest_route=%2Fwp%2Fv2%2Fcomments&post=26"}],"version-history":[{"count":12,"href":"https:\/\/www.mic-comp.de\/index.php?rest_route=\/wp\/v2\/pages\/26\/revisions"}],"predecessor-version":[{"id":1013,"href":"https:\/\/www.mic-comp.de\/index.php?rest_route=\/wp\/v2\/pages\/26\/revisions\/1013"}],"wp:attachment":[{"href":"https:\/\/www.mic-comp.de\/index.php?rest_route=%2Fwp%2Fv2%2Fmedia&parent=26"}],"curies":[{"name":"wp","href":"https:\/\/api.w.org\/{rel}","templated":true}]}}